{"id":2,"date":"2022-08-21T18:25:34","date_gmt":"2022-08-21T18:25:34","guid":{"rendered":"http:\/\/www.iqrec.com\/?page_id=2"},"modified":"2022-09-21T09:34:07","modified_gmt":"2022-09-21T09:34:07","slug":"sample-page","status":"publish","type":"page","link":"https:\/\/www.iqrec.com\/","title":{"rendered":"R\u00f3lunk"},"content":{"rendered":"\n<p>V\u00e1llalkoz\u00e1sunk els\u0151sorban inform\u00e1ci\u00f3technol\u00f3giai szolg\u00e1ltat\u00e1sok ter\u00fclet\u00e9n tan\u00e1csad\u00e1s, oktat\u00e1s, tervez\u00e9s, fejleszt\u00e9s, rendszerfelm\u00e9r\u00e9si, rendszerintegr\u00e1ci\u00f3s illetve h\u00e1l\u00f3zatbiztons\u00e1gi&nbsp;feladatok megold\u00e1s\u00e1ban seg\u00edti a kis-, k\u00f6z\u00e9p- \u00e9s nagyv\u00e1llalati \u00fcgyfeleket.<\/p>\n\n\n\n<p>2011. \u00f3ta m\u0171k\u00f6d\u0151 v\u00e1llalkoz\u00e1sunk rengeteg tapasztalattal rendelkezik az \u00fcgyf\u00e9l ig\u00e9nyfelm\u00e9r\u00e9sen alapul\u00f3, \u00e9letszer\u0171 technikai \u00e9s p\u00e9nz\u00fcgyi megval\u00f3s\u00edthat\u00f3s\u00e1g\u00fa, \u00fczem \u00e9s adatbiztos rendszerek l\u00e9trehoz\u00e1s\u00e1val kapcsolatban. Specialit\u00e1sunk az on-the-job tr\u00e9ningek, melyek az el\u0151k\u00e9sz\u00edtett, megval\u00f3s\u00edtand\u00f3 rendszertervet, mint tematik\u00e1t is felhaszn\u00e1ljuk az IT \u00e1llom\u00e1ny k\u00e9pz\u00e9s\u00e9re.<\/p>\n\n\n\n<p>Partnereinkkel egy\u00fcttm\u0171k\u00f6dve \u00fcgyfeleink sz\u00e1m\u00e1ra sokoldal\u00faan tudunk tan\u00e1csokkal szolg\u00e1lni, vagy \u00e9pp m\u0171k\u00f6d\u0151 megold\u00e1sokat aj\u00e1nlani \u00f6sszetettebb informatikai k\u00e9rd\u00e9sek eset\u00e9n is.<\/p>\n\n\n\n<p><strong>R\u00e9czi G\u00e1bor<\/strong><\/p>\n\n\n\n<p>Rendszerm\u00e9rn\u00f6k, \u00fcgyvezet\u0151<br>Microsoft MCSE SI\/DI\/PC\/O365\/Azure,MCT,Datacenter-Cloud management MVP<\/p>\n\n\n\n<p>EC-council Certified Ethical Hacker, Certified Sercurity Specialist, Network Security Administrator, Encryption Specialist<\/p>\n\n\n\n<p>Mikrotik MTCNA,MTCWE<\/p>\n","protected":false},"excerpt":{"rendered":"<p>V\u00e1llalkoz\u00e1sunk els\u0151sorban inform\u00e1ci\u00f3technol\u00f3giai szolg\u00e1ltat\u00e1sok ter\u00fclet\u00e9n tan\u00e1csad\u00e1s, oktat\u00e1s, tervez\u00e9s, fejleszt\u00e9s, rendszerfelm\u00e9r\u00e9si, rendszerintegr\u00e1ci\u00f3s illetve h\u00e1l\u00f3zatbiztons\u00e1gi&nbsp;feladatok megold\u00e1s\u00e1ban seg\u00edti a kis-, k\u00f6z\u00e9p- \u00e9s nagyv\u00e1llalati \u00fcgyfeleket. 2011. \u00f3ta m\u0171k\u00f6d\u0151 v\u00e1llalkoz\u00e1sunk rengeteg tapasztalattal rendelkezik az \u00fcgyf\u00e9l ig\u00e9nyfelm\u00e9r\u00e9sen alapul\u00f3, \u00e9letszer\u0171 technikai \u00e9s p\u00e9nz\u00fcgyi megval\u00f3s\u00edthat\u00f3s\u00e1g\u00fa, \u00fczem \u00e9s adatbiztos rendszerek l\u00e9trehoz\u00e1s\u00e1val kapcsolatban. Specialit\u00e1sunk az on-the-job tr\u00e9ningek, melyek az el\u0151k\u00e9sz\u00edtett, megval\u00f3s\u00edtand\u00f3 rendszertervet, mint tematik\u00e1t is&hellip; <a class=\"more-link\" href=\"https:\/\/www.iqrec.com\/\">Continue reading <span class=\"screen-reader-text\">R\u00f3lunk<\/span><\/a><\/p>\n","protected":false},"author":1,"featured_media":0,"parent":0,"menu_order":0,"comment_status":"closed","ping_status":"open","template":"","meta":[],"_links":{"self":[{"href":"https:\/\/www.iqrec.com\/index.php?rest_route=\/wp\/v2\/pages\/2"}],"collection":[{"href":"https:\/\/www.iqrec.com\/index.php?rest_route=\/wp\/v2\/pages"}],"about":[{"href":"https:\/\/www.iqrec.com\/index.php?rest_route=\/wp\/v2\/types\/page"}],"author":[{"embeddable":true,"href":"https:\/\/www.iqrec.com\/index.php?rest_route=\/wp\/v2\/users\/1"}],"replies":[{"embeddable":true,"href":"https:\/\/www.iqrec.com\/index.php?rest_route=%2Fwp%2Fv2%2Fcomments&post=2"}],"version-history":[{"count":3,"href":"https:\/\/www.iqrec.com\/index.php?rest_route=\/wp\/v2\/pages\/2\/revisions"}],"predecessor-version":[{"id":53,"href":"https:\/\/www.iqrec.com\/index.php?rest_route=\/wp\/v2\/pages\/2\/revisions\/53"}],"wp:attachment":[{"href":"https:\/\/www.iqrec.com\/index.php?rest_route=%2Fwp%2Fv2%2Fmedia&parent=2"}],"curies":[{"name":"wp","href":"https:\/\/api.w.org\/{rel}","templated":true}]}}