{"id":55,"date":"2022-10-03T06:51:56","date_gmt":"2022-10-03T06:51:56","guid":{"rendered":"https:\/\/www.iqrec.com\/?page_id=55"},"modified":"2025-12-08T09:11:24","modified_gmt":"2025-12-08T09:11:24","slug":"egyuttmukodo-partnereink","status":"publish","type":"page","link":"https:\/\/www.iqrec.com\/?page_id=55","title":{"rendered":"Egy\u00fcttm\u0171k\u00f6d\u0151 partnereink"},"content":{"rendered":"\n<p><a rel=\"noreferrer noopener\" href=\"https:\/\/www.eset.com\/hu\/\" data-type=\"URL\" data-id=\"https:\/\/www.eset.com\/hu\/\" target=\"_blank\">Sicontact Kft.<\/a><\/p>\n\n\n\n<figure class=\"wp-block-image size-large\"><img src=\"http:\/\/www.iqrec.com\/images\/sicontact-logo.png\" alt=\"\"\/><\/figure>\n\n\n\n<p><a href=\"http:\/\/telnetwork.hu\" data-type=\"URL\" data-id=\"http:\/\/telnetwork.hu\" target=\"_blank\" rel=\"noreferrer noopener\">Telnetwork Kft.<\/a><\/p>\n\n\n\n<p><a rel=\"noreferrer noopener\" href=\"https:\/\/www.silver-dragon.hu\/\" data-type=\"URL\" data-id=\"https:\/\/www.silver-dragon.hu\/\" target=\"_blank\">Silver-Dragon Kft.<\/a><\/p>\n\n\n\n<p><a href=\"https:\/\/admindroid.com\/?ref=msp&amp;id=iqrec.com\">Admindroid<\/a><\/p>\n\n\n\n<figure class=\"wp-block-image size-large is-resized\"><a href=\"https:\/\/admindroid.com\/?ref=msp&amp;id=iqrec.com\"><img loading=\"lazy\" src=\"http:\/\/www.iqrec.com\/images\/AdminDroidlogo.png\" alt=\"\" width=\"171\" height=\"117\"\/><\/a><\/figure>\n","protected":false},"excerpt":{"rendered":"<p>Sicontact Kft. Telnetwork Kft. Silver-Dragon Kft. Admindroid<\/p>\n","protected":false},"author":1,"featured_media":0,"parent":0,"menu_order":0,"comment_status":"closed","ping_status":"closed","template":"","meta":[],"_links":{"self":[{"href":"https:\/\/www.iqrec.com\/index.php?rest_route=\/wp\/v2\/pages\/55"}],"collection":[{"href":"https:\/\/www.iqrec.com\/index.php?rest_route=\/wp\/v2\/pages"}],"about":[{"href":"https:\/\/www.iqrec.com\/index.php?rest_route=\/wp\/v2\/types\/page"}],"author":[{"embeddable":true,"href":"https:\/\/www.iqrec.com\/index.php?rest_route=\/wp\/v2\/users\/1"}],"replies":[{"embeddable":true,"href":"https:\/\/www.iqrec.com\/index.php?rest_route=%2Fwp%2Fv2%2Fcomments&post=55"}],"version-history":[{"count":9,"href":"https:\/\/www.iqrec.com\/index.php?rest_route=\/wp\/v2\/pages\/55\/revisions"}],"predecessor-version":[{"id":72,"href":"https:\/\/www.iqrec.com\/index.php?rest_route=\/wp\/v2\/pages\/55\/revisions\/72"}],"wp:attachment":[{"href":"https:\/\/www.iqrec.com\/index.php?rest_route=%2Fwp%2Fv2%2Fmedia&parent=55"}],"curies":[{"name":"wp","href":"https:\/\/api.w.org\/{rel}","templated":true}]}}