{"id":7,"date":"2022-08-21T18:35:31","date_gmt":"2022-08-21T18:35:31","guid":{"rendered":"http:\/\/www.iqrec.com\/?page_id=7"},"modified":"2022-09-21T09:24:40","modified_gmt":"2022-09-21T09:24:40","slug":"contact","status":"publish","type":"page","link":"https:\/\/www.iqrec.com\/?page_id=7","title":{"rendered":"Kapcsolat"},"content":{"rendered":"\n<p>Kapcsolatba l\u00e9phet vel\u00fcnk a referencia munk\u00e1ink kapcsolattart\u00f3in kereszt\u00fcl, vagy e-mail c\u00edm\u00fcnk\u00f6n: iqrec@iqrec.com<\/p>\n\n\n\n<p>Szakmai blogunk: <a href=\"https:\/\/reczigabor.wordpress.com\/\" target=\"_blank\" rel=\"noreferrer noopener\">https:\/\/reczigabor.wordpress.com\/<\/a><\/p>\n\n\n\n<p>C\u00e9ginform\u00e1ci\u00f3<\/p>\n\n\n\n<p>IQrec Kereskedelmi, Szolg\u00e1ltat\u00f3, Tan\u00e1csad\u00f3 Kft.<\/p>\n\n\n\n<p>13-09-168120, HU23322820-2-13<\/p>\n","protected":false},"excerpt":{"rendered":"<p>Kapcsolatba l\u00e9phet vel\u00fcnk a referencia munk\u00e1ink kapcsolattart\u00f3in kereszt\u00fcl, vagy e-mail c\u00edm\u00fcnk\u00f6n: iqrec@iqrec.com Szakmai blogunk: https:\/\/reczigabor.wordpress.com\/ C\u00e9ginform\u00e1ci\u00f3 IQrec Kereskedelmi, Szolg\u00e1ltat\u00f3, Tan\u00e1csad\u00f3 Kft. 13-09-168120, HU23322820-2-13<\/p>\n","protected":false},"author":1,"featured_media":0,"parent":0,"menu_order":0,"comment_status":"closed","ping_status":"closed","template":"","meta":[],"_links":{"self":[{"href":"https:\/\/www.iqrec.com\/index.php?rest_route=\/wp\/v2\/pages\/7"}],"collection":[{"href":"https:\/\/www.iqrec.com\/index.php?rest_route=\/wp\/v2\/pages"}],"about":[{"href":"https:\/\/www.iqrec.com\/index.php?rest_route=\/wp\/v2\/types\/page"}],"author":[{"embeddable":true,"href":"https:\/\/www.iqrec.com\/index.php?rest_route=\/wp\/v2\/users\/1"}],"replies":[{"embeddable":true,"href":"https:\/\/www.iqrec.com\/index.php?rest_route=%2Fwp%2Fv2%2Fcomments&post=7"}],"version-history":[{"count":5,"href":"https:\/\/www.iqrec.com\/index.php?rest_route=\/wp\/v2\/pages\/7\/revisions"}],"predecessor-version":[{"id":49,"href":"https:\/\/www.iqrec.com\/index.php?rest_route=\/wp\/v2\/pages\/7\/revisions\/49"}],"wp:attachment":[{"href":"https:\/\/www.iqrec.com\/index.php?rest_route=%2Fwp%2Fv2%2Fmedia&parent=7"}],"curies":[{"name":"wp","href":"https:\/\/api.w.org\/{rel}","templated":true}]}}